{"id":4740,"date":"2019-08-08T16:01:41","date_gmt":"2019-08-08T14:01:41","guid":{"rendered":"http:\/\/88.99.60.177\/product\/dysprosium-3-doped-glass-bead-yellow-luminescense-new\/"},"modified":"2026-01-14T09:34:24","modified_gmt":"2026-01-14T08:34:24","slug":"dysprosium-3-dotierte-glasperle-gelbe-lumineszenz-neu","status":"publish","type":"product","link":"https:\/\/smart-elements.com\/de\/shop\/dysprosium-3-doped-glass-bead-yellow-luminescense-new\/","title":{"rendered":"Dysprosium 3+ dotierte Glasperle \u2013 gelber Leuchtstoff \u2013 NEU!"},"content":{"rendered":"<p>Glasperle dotiert mit 4% Dysprosium \u2013 NEU!<br \/>\nDurchmesser ~ 13 mm \u2013 ~ 0,8 \u2013 1 Gramm<br \/>\nSch\u00f6ner Glasperle. Jede von Hand gefertigt. Unter UV-Anregung zeigt das Glas eine starke Fluoreszenz mit zwei starken Peaks bei 485 nm (blau) und 573 nm (gelb).<br \/>\nBitte keine g\u00e4ngigen UV-LEDs verwenden, diese produzieren Wellenl\u00e4ngen \u00fcber 390nm und sind nicht geeignet! Schwarzlichtr\u00f6hren funktionieren am besten! Die f\u00fcr die Fotos verwendete UV-Lampe hat eine Wellenl\u00e4nge von 365nm<br \/>\n&nbsp;<\/p>","protected":false},"excerpt":{"rendered":"<p>glass bead doped with 4% Dysprosium &#8211; NEW! diameter ~ 13 mm &#8211; ~ 0.8 &#8211; 1 gram Nice glass bead. Each one hand crafted. Under UV excitation the glass shows strong fluorescence with two strong peaks @ 485nm(blue) and 573nm (yellow) Please do not use common UV LEDs, they produce wavelengths above 390 nm [&hellip;]<\/p>\n","protected":false},"featured_media":42049,"template":"","meta":{"_acf_changed":false},"product_brand":[],"product_cat":[23,29,365],"product_tag":[],"class_list":{"0":"post-4740","1":"product","2":"type-product","3":"status-publish","4":"has-post-thumbnail","6":"product_cat-doped-optical-crystals-glass","7":"product_cat-dy","8":"product_cat-phosphate-glass-doped-optical-crystals-glass","10":"first","11":"instock","12":"taxable","13":"shipping-taxable","14":"purchasable","15":"product-type-simple"},"acf":[],"_links":{"self":[{"href":"https:\/\/smart-elements.com\/de\/wp-json\/wp\/v2\/product\/4740","targetHints":{"allow":["GET"]}}],"collection":[{"href":"https:\/\/smart-elements.com\/de\/wp-json\/wp\/v2\/product"}],"about":[{"href":"https:\/\/smart-elements.com\/de\/wp-json\/wp\/v2\/types\/product"}],"version-history":[{"count":0,"href":"https:\/\/smart-elements.com\/de\/wp-json\/wp\/v2\/product\/4740\/revisions"}],"wp:featuredmedia":[{"embeddable":true,"href":"https:\/\/smart-elements.com\/de\/wp-json\/wp\/v2\/media\/42049"}],"wp:attachment":[{"href":"https:\/\/smart-elements.com\/de\/wp-json\/wp\/v2\/media?parent=4740"}],"wp:term":[{"taxonomy":"product_brand","embeddable":true,"href":"https:\/\/smart-elements.com\/de\/wp-json\/wp\/v2\/product_brand?post=4740"},{"taxonomy":"product_cat","embeddable":true,"href":"https:\/\/smart-elements.com\/de\/wp-json\/wp\/v2\/product_cat?post=4740"},{"taxonomy":"product_tag","embeddable":true,"href":"https:\/\/smart-elements.com\/de\/wp-json\/wp\/v2\/product_tag?post=4740"}],"curies":[{"name":"wp","href":"https:\/\/api.w.org\/{rel}","templated":true}]}}